{"id":2,"date":"2016-05-10T03:48:21","date_gmt":"2016-05-10T03:48:21","guid":{"rendered":"http:\/\/wordpress.heidrol.de\/?page_id=2"},"modified":"2019-10-24T15:32:54","modified_gmt":"2019-10-24T15:32:54","slug":"sample-page","status":"publish","type":"page","link":"https:\/\/heidrol.de\/?page_id=2","title":{"rendered":"\u00dcber uns"},"content":{"rendered":"<p><strong>Vordenker<\/strong><br \/>\nMit einer mehr als 40 j\u00e4hrigen Erfahrung und st\u00e4ndig wachsendem Know-how sind wir die Spezialisten f\u00fcr Best\u00e4ubungstechnologie, Absaugsysteme und Anlagekonstruktionen. Als Vordenker packen wir da an, wo es Sinn macht und nutzen unsere Kompetenz, um wirklich etwas zu bewegen. So zeigen langj\u00e4hrige Erfahrungen, dass nutzbringende Neuerungen schnell und konsequent umgesetzt werden.<\/p>\n<p><strong>Qualit\u00e4t &#8222;Made in Germany&#8220;\u00a0<\/strong><\/p>\n<p>Unser Leistungsangebot reicht von<\/p>\n<p><strong>Beratung<br \/>\nPlanung<br \/>\nEntwicklung<br \/>\nKonstruktion<br \/>\nInbetriebnahme<\/strong><\/p>\n<p>Als Ergebnis der engen Zusammenarbeit entwickeln wir mit unseren Kunden ein Konzept, welches den optimierten Einsatz unserer Systeme sicherstellt und somit Ihrem Unternehmen einen langfristigen Nutzen garantiert.<\/p>\n<p>Termintreue verstehen wir nicht nur als Leistungsversprechen, sondern als<br \/>\nheutiges Erfolgsrezept f\u00fcr die Anforderungen der Zukunft.<br \/>\nUnser Ziel ist ein langfristiger, gemeinsamer Erfolg durch gute Zusammenarbeit auf h\u00f6chstem Niveau.<\/p>\n<p>Der richtige Umgang mit der Energie spart Ressourcen und kann entscheidenden Einfluss auf die Gewinnsituation Ihres Unternehmens haben. Das zukunftsweisende Konzept der Heidrol Anlagen reduziert den Energieverbrauch\u00a0 erheblich.<br \/>\nWir sind Teil eines Ganzen und daraus erw\u00e4chst eine hohe Verantwortung, gerade im Umgang mit den begrenzten Ressourcen unserer Welt.<\/p>\n","protected":false},"excerpt":{"rendered":"<p>Vordenker Mit einer mehr als 40 j\u00e4hrigen Erfahrung und st\u00e4ndig wachsendem Know-how sind wir die Spezialisten f\u00fcr Best\u00e4ubungstechnologie, Absaugsysteme und Anlagekonstruktionen. Als Vordenker packen wir da an, wo es Sinn macht und nutzen unsere Kompetenz, um wirklich etwas zu bewegen. So zeigen langj\u00e4hrige Erfahrungen, dass nutzbringende Neuerungen schnell und konsequent umgesetzt werden. Qualit\u00e4t &#8222;Made in &hellip; <a href=\"https:\/\/heidrol.de\/?page_id=2\" class=\"more-link\"><span class=\"screen-reader-text\">\u00dcber uns<\/span> weiterlesen <span class=\"meta-nav\">&rarr;<\/span><\/a><\/p>\n","protected":false},"author":1,"featured_media":0,"parent":0,"menu_order":0,"comment_status":"closed","ping_status":"open","template":"","meta":{"footnotes":""},"class_list":["post-2","page","type-page","status-publish","hentry"],"_links":{"self":[{"href":"https:\/\/heidrol.de\/index.php?rest_route=\/wp\/v2\/pages\/2","targetHints":{"allow":["GET"]}}],"collection":[{"href":"https:\/\/heidrol.de\/index.php?rest_route=\/wp\/v2\/pages"}],"about":[{"href":"https:\/\/heidrol.de\/index.php?rest_route=\/wp\/v2\/types\/page"}],"author":[{"embeddable":true,"href":"https:\/\/heidrol.de\/index.php?rest_route=\/wp\/v2\/users\/1"}],"replies":[{"embeddable":true,"href":"https:\/\/heidrol.de\/index.php?rest_route=%2Fwp%2Fv2%2Fcomments&post=2"}],"version-history":[{"count":4,"href":"https:\/\/heidrol.de\/index.php?rest_route=\/wp\/v2\/pages\/2\/revisions"}],"predecessor-version":[{"id":83,"href":"https:\/\/heidrol.de\/index.php?rest_route=\/wp\/v2\/pages\/2\/revisions\/83"}],"wp:attachment":[{"href":"https:\/\/heidrol.de\/index.php?rest_route=%2Fwp%2Fv2%2Fmedia&parent=2"}],"curies":[{"name":"wp","href":"https:\/\/api.w.org\/{rel}","templated":true}]}}