{"id":52,"date":"2019-10-04T23:04:54","date_gmt":"2019-10-04T23:04:54","guid":{"rendered":"http:\/\/wordpress.heidrol.de\/?page_id=52"},"modified":"2019-10-24T17:05:57","modified_gmt":"2019-10-24T17:05:57","slug":"datenschutz","status":"publish","type":"page","link":"https:\/\/heidrol.de\/?page_id=52","title":{"rendered":"Datenschutz"},"content":{"rendered":"\n<h2>Datenschutzerkl\u00e4rung<\/h2>  <p>Die Betreiber dieser Seiten nehmen\nden Schutz Ihrer pers\u00f6nlichen Daten sehr ernst. Wir behandeln Ihre personenbezogenen Daten\nvertraulich und entsprechend der gesetzlichen Datenschutzvorschriften sowie dieser\nDatenschutzerkl\u00e4rung.<\/p> <p>Die Nutzung unserer Website ist in der Regel ohne Angabe\npersonenbezogener Daten m\u00f6glich. Soweit auf unseren Seiten personenbezogene Daten\n(beispielsweise Name, Anschrift oder E-Mail-Adressen) erhoben werden, erfolgt dies, soweit\nm\u00f6glich, stets auf freiwilliger Basis. Diese Daten werden ohne Ihre ausdr\u00fcckliche Zustimmung\nnicht an Dritte weitergegeben.<\/p> <p>Wir weisen darauf hin, dass die Daten\u00fcbertragung im Internet\n(z.B. bei der Kommunikation per E-Mail) Sicherheitsl\u00fccken aufweisen kann. Ein l\u00fcckenloser\nSchutz der Daten vor dem Zugriff durch Dritte ist nicht m\u00f6glich.<\/p><p>&nbsp;<\/p>\n<h2>Cookies<\/h2> <p>Die Internetseiten verwenden teilweise so genannte Cookies. Cookies richten auf\nIhrem Rechner keinen Schaden an und enthalten keine Viren. Cookies dienen dazu, unser Angebot\nnutzerfreundlicher, effektiver und sicherer zu machen. Cookies sind kleine Textdateien, die auf Ihrem\nRechner abgelegt werden und die Ihr Browser speichert.<\/p> <p>Die meisten der von uns verwendeten\nCookies sind so genannte \u201eSession-Cookies\u201c. Sie werden nach Ende Ihres Besuchs automatisch\ngel\u00f6scht. Andere Cookies bleiben auf Ihrem Endger\u00e4t gespeichert, bis Sie diese l\u00f6schen.\nDiese Cookies erm\u00f6glichen es uns, Ihren Browser beim n\u00e4chsten Besuch\nwiederzuerkennen.<\/p> <p>Sie k\u00f6nnen Ihren Browser so einstellen, dass Sie \u00fcber das Setzen\nvon Cookies informiert werden und Cookies nur im Einzelfall erlauben, die Annahme von Cookies f\u00fcr\nbestimmte F\u00e4lle oder generell ausschlie\u00dfen sowie das automatische L\u00f6schen der\nCookies beim Schlie\u00dfen des Browser aktivieren. Bei der Deaktivierung von Cookies kann die\nFunktionalit\u00e4t dieser Website eingeschr\u00e4nkt sein.<\/p><p>&nbsp;<\/p> <h2>Server-Log-\nFiles<\/h2> <p>Der Provider der Seiten erhebt und speichert automatisch Informationen in so genannten\nServer-Log Files, die Ihr Browser automatisch an uns \u00fcbermittelt. Dies sind:<\/p> <ul>\n<li>Browsertyp und Browserversion<\/li> <li>verwendetes Betriebssystem<\/li> <li>Referrer URL<\/li>\n<li>Hostname des zugreifenden Rechners<\/li> <li>Uhrzeit der Serveranfrage<\/li> <\/ul> <p>Diese Daten\nsind nicht bestimmten Personen zuordenbar. Eine Zusammenf\u00fchrung dieser Daten mit anderen\nDatenquellen wird nicht vorgenommen. Wir behalten uns vor, diese Daten nachtr\u00e4glich zu\npr\u00fcfen, wenn uns konkrete Anhaltspunkte f\u00fcr eine rechtswidrige Nutzung bekannt\nwerden.<\/p><p>&nbsp;<\/p> <h2>Kontaktformular<\/h2> <p>Wenn Sie uns per Kontaktformular Anfragen\nzukommen lassen, werden Ihre Angaben aus dem Anfrageformular inklusive der von Ihnen dort\nangegebenen Kontaktdaten zwecks Bearbeitung der Anfrage und f\u00fcr den Fall von Anschlussfragen\nbei uns gespeichert. Diese Daten geben wir nicht ohne Ihre Einwilligung weiter.<\/p><p>&nbsp;<\/p>\n<h2>SSL-Verschl\u00fcsselung<\/h2> <p>Diese Seite nutzt aus Gr\u00fcnden der Sicherheit und zum\nSchutz der \u00dcbertragung vertraulicher Inhalte, wie zum Beispiel der Anfragen, die Sie an uns als\nSeitenbetreiber senden, eine SSL-Verschl\u00fcsselung. Eine verschl\u00fcsselte Verbindung erkennen\nSie daran, dass die Adresszeile des Browsers von &#8222;http:\/\/&#8220; auf &#8222;https:\/\/&#8220; wechselt\nund an dem Schloss-Symbol in Ihrer Browserzeile.<\/p> <p>Wenn die SSL Verschl\u00fcsselung aktiviert\nist, k\u00f6nnen die Daten, die Sie an uns \u00fcbermitteln, nicht von Dritten mitgelesen\nwerden.<\/p><p>&nbsp;<\/p> <h2>Widerspruch Werbe-Mails<\/h2> <p>Der Nutzung von im Rahmen der\nImpressumspflicht ver\u00f6ffentlichten Kontaktdaten zur \u00dcbersendung von nicht ausdr\u00fccklich\nangeforderter Werbung und Informationsmaterialien wird hiermit widersprochen. Die Betreiber der Seiten behalten sich ausdr\u00fccklich rechtliche Schritte im Falle der unverlangten Zusendung von\nWerbeinformationen, etwa durch Spam-E-Mails, vor.<\/p><p>&nbsp;<\/p> <p>Quelle: <a href=\"https:\/\/www.e-recht24.de\">eRecht24<\/a><\/p>\n\n\n\n<h1 class=\"wp-block-heading\"><\/h1>\n","protected":false},"excerpt":{"rendered":"<p>Datenschutzerkl\u00e4rung Die Betreiber dieser Seiten nehmen den Schutz Ihrer pers\u00f6nlichen Daten sehr ernst. Wir behandeln Ihre personenbezogenen Daten vertraulich und entsprechend der gesetzlichen Datenschutzvorschriften sowie dieser Datenschutzerkl\u00e4rung. Die Nutzung unserer Website ist in der Regel ohne Angabe personenbezogener Daten m\u00f6glich. Soweit auf unseren Seiten personenbezogene Daten (beispielsweise Name, Anschrift oder E-Mail-Adressen) erhoben werden, erfolgt dies, &hellip; <a href=\"https:\/\/heidrol.de\/?page_id=52\" class=\"more-link\"><span class=\"screen-reader-text\">Datenschutz<\/span> weiterlesen <span class=\"meta-nav\">&rarr;<\/span><\/a><\/p>\n","protected":false},"author":1,"featured_media":0,"parent":0,"menu_order":0,"comment_status":"closed","ping_status":"closed","template":"","meta":{"footnotes":""},"class_list":["post-52","page","type-page","status-publish","hentry"],"_links":{"self":[{"href":"https:\/\/heidrol.de\/index.php?rest_route=\/wp\/v2\/pages\/52","targetHints":{"allow":["GET"]}}],"collection":[{"href":"https:\/\/heidrol.de\/index.php?rest_route=\/wp\/v2\/pages"}],"about":[{"href":"https:\/\/heidrol.de\/index.php?rest_route=\/wp\/v2\/types\/page"}],"author":[{"embeddable":true,"href":"https:\/\/heidrol.de\/index.php?rest_route=\/wp\/v2\/users\/1"}],"replies":[{"embeddable":true,"href":"https:\/\/heidrol.de\/index.php?rest_route=%2Fwp%2Fv2%2Fcomments&post=52"}],"version-history":[{"count":8,"href":"https:\/\/heidrol.de\/index.php?rest_route=\/wp\/v2\/pages\/52\/revisions"}],"predecessor-version":[{"id":115,"href":"https:\/\/heidrol.de\/index.php?rest_route=\/wp\/v2\/pages\/52\/revisions\/115"}],"wp:attachment":[{"href":"https:\/\/heidrol.de\/index.php?rest_route=%2Fwp%2Fv2%2Fmedia&parent=52"}],"curies":[{"name":"wp","href":"https:\/\/api.w.org\/{rel}","templated":true}]}}